{"id":72,"date":"2025-11-23T14:19:08","date_gmt":"2025-11-23T17:19:08","guid":{"rendered":"https:\/\/luccamp.com.br\/?page_id=72"},"modified":"2026-03-01T15:13:24","modified_gmt":"2026-03-01T18:13:24","slug":"sobre-nos","status":"publish","type":"page","link":"https:\/\/luccamp.com.br\/index.php\/sobre-nos\/","title":{"rendered":"Sobre N\u00f3s"},"content":{"rendered":"\t\t<div data-elementor-type=\"wp-page\" data-elementor-id=\"72\" class=\"elementor elementor-72\">\n\t\t\t\t<div class=\"elementor-element elementor-element-6d3c321 e-flex e-con-boxed wpr-particle-no wpr-jarallax-no wpr-parallax-no wpr-sticky-section-no wpr-equal-height-no e-con e-parent\" data-id=\"6d3c321\" data-element_type=\"container\" data-e-type=\"container\" data-settings=\"{&quot;background_background&quot;:&quot;classic&quot;}\">\n\t\t\t\t\t<div class=\"e-con-inner\">\n\t\t\t\t<div class=\"elementor-element elementor-element-9cc361a elementor-widget elementor-widget-heading\" data-id=\"9cc361a\" data-element_type=\"widget\" data-e-type=\"widget\" data-widget_type=\"heading.default\">\n\t\t\t\t<div class=\"elementor-widget-container\">\n\t\t\t\t\t<h2 class=\"elementor-heading-title elementor-size-default\">Sobre N\u00f3s<\/h2>\t\t\t\t<\/div>\n\t\t\t\t<\/div>\n\t\t\t\t<div class=\"elementor-element elementor-element-794e6b0 elementor-widget elementor-widget-heading\" data-id=\"794e6b0\" data-element_type=\"widget\" data-e-type=\"widget\" data-widget_type=\"heading.default\">\n\t\t\t\t<div class=\"elementor-widget-container\">\n\t\t\t\t\t<h2 class=\"elementor-heading-title elementor-size-default\">Transformamos projetos em espa\u00e7os que fazem <br>parte da sua hist\u00f3ria.<\/h2>\t\t\t\t<\/div>\n\t\t\t\t<\/div>\n\t\t\t\t\t<\/div>\n\t\t\t\t<\/div>\n\t\t<div class=\"elementor-element elementor-element-7eb2eb0 e-flex e-con-boxed wpr-particle-no wpr-jarallax-no wpr-parallax-no wpr-sticky-section-no wpr-equal-height-no e-con e-parent\" data-id=\"7eb2eb0\" data-element_type=\"container\" data-e-type=\"container\">\n\t\t\t\t\t<div class=\"e-con-inner\">\n\t\t<div class=\"elementor-element elementor-element-3b1abda e-con-full e-flex wpr-particle-no wpr-jarallax-no wpr-parallax-no wpr-sticky-section-no wpr-equal-height-no e-con e-child\" data-id=\"3b1abda\" data-element_type=\"container\" data-e-type=\"container\">\n\t\t\t\t<div class=\"elementor-element elementor-element-385d9f0 elementor-widget elementor-widget-heading\" data-id=\"385d9f0\" data-element_type=\"widget\" data-e-type=\"widget\" data-widget_type=\"heading.default\">\n\t\t\t\t<div class=\"elementor-widget-container\">\n\t\t\t\t\t<h2 class=\"elementor-heading-title elementor-size-default\">Sobre N\u00f3s<\/h2>\t\t\t\t<\/div>\n\t\t\t\t<\/div>\n\t\t\t\t<div class=\"elementor-element elementor-element-983ae31 elementor-widget elementor-widget-heading\" data-id=\"983ae31\" data-element_type=\"widget\" data-e-type=\"widget\" data-widget_type=\"heading.default\">\n\t\t\t\t<div class=\"elementor-widget-container\">\n\t\t\t\t\t<h2 class=\"elementor-heading-title elementor-size-default\">Construindo confian\u00e7a, qualidade e inova\u00e7\u00e3o em cada empreendimento.<\/h2>\t\t\t\t<\/div>\n\t\t\t\t<\/div>\n\t\t\t\t<div class=\"elementor-element elementor-element-89f2c30 elementor-widget elementor-widget-text-editor\" data-id=\"89f2c30\" data-element_type=\"widget\" data-e-type=\"widget\" data-widget_type=\"text-editor.default\">\n\t\t\t\t<div class=\"elementor-widget-container\">\n\t\t\t\t\t\t\t\t\t<div class=\"z-0 flex min-h-[46px] justify-start\">\u00a0Na <strong data-start=\"3\" data-end=\"30\">Luccamp Empreendimentos<\/strong>, entendemos que sua casa \u00e9 muito mais do que um espa\u00e7o f\u00edsico. \u00c9 o lugar onde voc\u00ea vive seus melhores momentos, cria mem\u00f3rias e expressa sua personalidade.<\/div><div class=\"flex max-w-full flex-col grow\"><div class=\"min-h-8 text-message relative flex w-full flex-col items-end gap-2 text-start break-words whitespace-normal [.text-message+&amp;]:mt-1\" dir=\"auto\" data-message-author-role=\"assistant\" data-message-id=\"1fe183ca-ac30-4c69-9801-39272a7cbe86\" data-message-model-slug=\"gpt-5-2\"><div class=\"flex w-full flex-col gap-1 empty:hidden first:pt-[1px]\"><div class=\"markdown prose dark:prose-invert w-full wrap-break-word dark markdown-new-styling\"><p data-start=\"188\" data-end=\"440\">Nossa miss\u00e3o \u00e9 construir la\u00e7os duradouros com nossos clientes, oferecendo um servi\u00e7o personalizado e transparente em todas as etapas do projeto. Acreditamos que a comunica\u00e7\u00e3o clara e a colabora\u00e7\u00e3o s\u00e3o fundamentais para alcan\u00e7ar resultados excepcionais.<\/p><p data-start=\"442\" data-end=\"461\"><strong data-start=\"442\" data-end=\"461\">Nossos Valores:<\/strong><\/p><p data-start=\"463\" data-end=\"752\" data-is-last-node=\"\" data-is-only-node=\"\"><strong data-start=\"463\" data-end=\"478\">Excel\u00eancia:<\/strong> Buscamos a perfei\u00e7\u00e3o em tudo o que fazemos.<br data-start=\"522\" data-end=\"525\" \/><strong data-start=\"525\" data-end=\"544\">Personaliza\u00e7\u00e3o:<\/strong> Cada projeto \u00e9 \u00fanico e adaptado \u00e0s suas necessidades.<br data-start=\"598\" data-end=\"601\" data-is-only-node=\"\" \/><strong data-start=\"601\" data-end=\"614\">Inova\u00e7\u00e3o:<\/strong> Estamos sempre atentos \u00e0s \u00faltimas tend\u00eancias e tecnologias.<br data-start=\"674\" data-end=\"677\" \/><strong data-start=\"677\" data-end=\"698\">Sustentabilidade:<\/strong> Integramos solu\u00e7\u00f5es ecoeficientes em nossos projetos.<\/p><\/div><\/div><\/div><\/div>\t\t\t\t\t\t\t\t<\/div>\n\t\t\t\t<\/div>\n\t\t\t\t<div class=\"elementor-element elementor-element-27ac6bf elementor-align-center elementor-widget elementor-widget-button\" data-id=\"27ac6bf\" data-element_type=\"widget\" data-e-type=\"widget\" data-widget_type=\"button.default\">\n\t\t\t\t<div class=\"elementor-widget-container\">\n\t\t\t\t\t\t\t\t\t<div class=\"elementor-button-wrapper\">\n\t\t\t\t\t<a class=\"elementor-button elementor-button-link elementor-size-sm elementor-animation-shrink\" href=\"https:\/\/luccamp.com.br\/index.php\/projetos\/\" target=\"_blank\">\n\t\t\t\t\t\t<span class=\"elementor-button-content-wrapper\">\n\t\t\t\t\t\t<span class=\"elementor-button-icon\">\n\t\t\t\t<i aria-hidden=\"true\" class=\"far fa-arrow-alt-circle-right\"><\/i>\t\t\t<\/span>\n\t\t\t\t\t\t\t\t\t<span class=\"elementor-button-text\">Veja Nossos Projetos<\/span>\n\t\t\t\t\t<\/span>\n\t\t\t\t\t<\/a>\n\t\t\t\t<\/div>\n\t\t\t\t\t\t\t\t<\/div>\n\t\t\t\t<\/div>\n\t\t\t\t<\/div>\n\t\t<div class=\"elementor-element elementor-element-5728aea e-con-full e-flex wpr-particle-no wpr-jarallax-no wpr-parallax-no wpr-sticky-section-no wpr-equal-height-no e-con e-child\" data-id=\"5728aea\" data-element_type=\"container\" data-e-type=\"container\">\n\t\t\t\t<div class=\"elementor-element elementor-element-01fb13f elementor-widget elementor-widget-image\" data-id=\"01fb13f\" data-element_type=\"widget\" data-e-type=\"widget\" data-widget_type=\"image.default\">\n\t\t\t\t<div class=\"elementor-widget-container\">\n\t\t\t\t\t\t\t\t\t\t\t\t\t\t\t<img fetchpriority=\"high\" decoding=\"async\" width=\"1125\" height=\"750\" src=\"https:\/\/luccamp.com.br\/wp-content\/uploads\/2026\/03\/10-2.gif\" class=\"attachment-full size-full wp-image-334\" alt=\"\" \/>\t\t\t\t\t\t\t\t\t\t\t\t\t\t\t<\/div>\n\t\t\t\t<\/div>\n\t\t\t\t<\/div>\n\t\t\t\t\t<\/div>\n\t\t\t\t<\/div>\n\t\t\t\t<\/div>\n\t\t","protected":false},"excerpt":{"rendered":"<p>Sobre N\u00f3s Transformamos projetos em espa\u00e7os que fazem parte da sua hist\u00f3ria. Sobre N\u00f3s Construindo confian\u00e7a, qualidade e inova\u00e7\u00e3o em cada empreendimento. \u00a0Na Luccamp Empreendimentos, entendemos que sua casa \u00e9 muito mais do que um espa\u00e7o f\u00edsico. \u00c9 o lugar onde voc\u00ea vive seus melhores momentos, cria mem\u00f3rias e expressa sua personalidade. Nossa miss\u00e3o \u00e9 construir la\u00e7os duradouros com nossos clientes, oferecendo um servi\u00e7o personalizado e transparente em todas as etapas do projeto. Acreditamos que a comunica\u00e7\u00e3o clara e a colabora\u00e7\u00e3o s\u00e3o fundamentais para alcan\u00e7ar resultados excepcionais. Nossos Valores: Excel\u00eancia: Buscamos a perfei\u00e7\u00e3o em tudo o que fazemos.Personaliza\u00e7\u00e3o: Cada projeto \u00e9 \u00fanico e adaptado \u00e0s suas necessidades.Inova\u00e7\u00e3o: Estamos sempre atentos \u00e0s \u00faltimas tend\u00eancias e tecnologias.Sustentabilidade: Integramos solu\u00e7\u00f5es ecoeficientes em nossos projetos. Veja Nossos Projetos<\/p>\n","protected":false},"author":1,"featured_media":0,"parent":0,"menu_order":0,"comment_status":"closed","ping_status":"closed","template":"elementor_header_footer","meta":{"footnotes":""},"class_list":["post-72","page","type-page","status-publish","hentry"],"_hostinger_reach_plugin_has_subscription_block":false,"_hostinger_reach_plugin_is_elementor":false,"_links":{"self":[{"href":"https:\/\/luccamp.com.br\/index.php\/wp-json\/wp\/v2\/pages\/72","targetHints":{"allow":["GET"]}}],"collection":[{"href":"https:\/\/luccamp.com.br\/index.php\/wp-json\/wp\/v2\/pages"}],"about":[{"href":"https:\/\/luccamp.com.br\/index.php\/wp-json\/wp\/v2\/types\/page"}],"author":[{"embeddable":true,"href":"https:\/\/luccamp.com.br\/index.php\/wp-json\/wp\/v2\/users\/1"}],"replies":[{"embeddable":true,"href":"https:\/\/luccamp.com.br\/index.php\/wp-json\/wp\/v2\/comments?post=72"}],"version-history":[{"count":40,"href":"https:\/\/luccamp.com.br\/index.php\/wp-json\/wp\/v2\/pages\/72\/revisions"}],"predecessor-version":[{"id":352,"href":"https:\/\/luccamp.com.br\/index.php\/wp-json\/wp\/v2\/pages\/72\/revisions\/352"}],"wp:attachment":[{"href":"https:\/\/luccamp.com.br\/index.php\/wp-json\/wp\/v2\/media?parent=72"}],"curies":[{"name":"wp","href":"https:\/\/api.w.org\/{rel}","templated":true}]}}